{"id":218,"date":"2019-01-04T16:48:33","date_gmt":"2019-01-04T16:48:33","guid":{"rendered":"https:\/\/www.spiering-technik.de\/?page_id=218"},"modified":"2019-05-14T16:19:44","modified_gmt":"2019-05-14T16:19:44","slug":"mechanisierungstechnik","status":"publish","type":"page","link":"https:\/\/www.spiering-technik.de\/en\/mechanisierungstechnik","title":{"rendered":"Mechanisation Technology"},"content":{"rendered":"<p>roller conveyor, belt conveyor, chain cross conveyor, stacking unit, turning devices, board separator, length sorter, brushing machine<\/p>\n\n\n\n<ul class=\"wp-block-gallery columns-3 is-cropped wp-block-gallery-1 is-layout-flex wp-block-gallery-is-layout-flex\"><li class=\"blocks-gallery-item\"><figure><a href=\"https:\/\/www.spiering-technik.de\/wp-content\/uploads\/2019\/02\/DSCN1928_1-1.jpg\"><img loading=\"lazy\" decoding=\"async\" width=\"640\" height=\"480\" src=\"https:\/\/www.spiering-technik.de\/wp-content\/uploads\/2019\/02\/DSCN1928_1-1.jpg\" alt=\"\" data-id=\"1094\" data-link=\"https:\/\/www.spiering-technik.de\/mechanisierungstechnik\/dscn1928_1-2\" class=\"wp-image-1094\" srcset=\"https:\/\/www.spiering-technik.de\/wp-content\/uploads\/2019\/02\/DSCN1928_1-1.jpg 640w, https:\/\/www.spiering-technik.de\/wp-content\/uploads\/2019\/02\/DSCN1928_1-1-300x225.jpg 300w\" sizes=\"auto, (max-width: 640px) 100vw, 640px\" \/><\/a><\/figure><\/li><li class=\"blocks-gallery-item\"><figure><a href=\"https:\/\/www.spiering-technik.de\/wp-content\/uploads\/2019\/02\/DSCN3750_1.jpg\"><img loading=\"lazy\" decoding=\"async\" width=\"640\" height=\"480\" src=\"https:\/\/www.spiering-technik.de\/wp-content\/uploads\/2019\/02\/DSCN3750_1.jpg\" alt=\"\" data-id=\"1093\" data-link=\"https:\/\/www.spiering-technik.de\/mechanisierungstechnik\/dscn3750_1\" class=\"wp-image-1093\" srcset=\"https:\/\/www.spiering-technik.de\/wp-content\/uploads\/2019\/02\/DSCN3750_1.jpg 640w, https:\/\/www.spiering-technik.de\/wp-content\/uploads\/2019\/02\/DSCN3750_1-300x225.jpg 300w\" sizes=\"auto, (max-width: 640px) 100vw, 640px\" \/><\/a><\/figure><\/li><li class=\"blocks-gallery-item\"><figure><a href=\"https:\/\/www.spiering-technik.de\/wp-content\/uploads\/2019\/02\/DSCN0732_1.jpg\"><img loading=\"lazy\" decoding=\"async\" width=\"480\" height=\"640\" src=\"https:\/\/www.spiering-technik.de\/wp-content\/uploads\/2019\/02\/DSCN0732_1.jpg\" alt=\"\" data-id=\"1097\" data-link=\"https:\/\/www.spiering-technik.de\/mechanisierungstechnik\/dscn0732_1\" class=\"wp-image-1097\" srcset=\"https:\/\/www.spiering-technik.de\/wp-content\/uploads\/2019\/02\/DSCN0732_1.jpg 480w, https:\/\/www.spiering-technik.de\/wp-content\/uploads\/2019\/02\/DSCN0732_1-225x300.jpg 225w\" sizes=\"auto, (max-width: 480px) 100vw, 480px\" \/><\/a><\/figure><\/li><li class=\"blocks-gallery-item\"><figure><a href=\"https:\/\/www.spiering-technik.de\/wp-content\/uploads\/2019\/02\/DSCN1924_1.jpg\"><img loading=\"lazy\" decoding=\"async\" width=\"480\" height=\"640\" src=\"https:\/\/www.spiering-technik.de\/wp-content\/uploads\/2019\/02\/DSCN1924_1.jpg\" alt=\"\" data-id=\"1095\" data-link=\"https:\/\/www.spiering-technik.de\/mechanisierungstechnik\/dscn1924_1\" class=\"wp-image-1095\" srcset=\"https:\/\/www.spiering-technik.de\/wp-content\/uploads\/2019\/02\/DSCN1924_1.jpg 480w, https:\/\/www.spiering-technik.de\/wp-content\/uploads\/2019\/02\/DSCN1924_1-225x300.jpg 225w\" sizes=\"auto, (max-width: 480px) 100vw, 480px\" \/><\/a><\/figure><\/li><li class=\"blocks-gallery-item\"><figure><a href=\"https:\/\/www.spiering-technik.de\/wp-content\/uploads\/2019\/02\/DSCN0877_1.jpg\"><img loading=\"lazy\" decoding=\"async\" width=\"640\" height=\"480\" src=\"https:\/\/www.spiering-technik.de\/wp-content\/uploads\/2019\/02\/DSCN0877_1.jpg\" alt=\"\" data-id=\"1096\" data-link=\"https:\/\/www.spiering-technik.de\/mechanisierungstechnik\/dscn0877_1\" class=\"wp-image-1096\" srcset=\"https:\/\/www.spiering-technik.de\/wp-content\/uploads\/2019\/02\/DSCN0877_1.jpg 640w, https:\/\/www.spiering-technik.de\/wp-content\/uploads\/2019\/02\/DSCN0877_1-300x225.jpg 300w\" sizes=\"auto, (max-width: 640px) 100vw, 640px\" \/><\/a><\/figure><\/li><li class=\"blocks-gallery-item\"><figure><a href=\"https:\/\/www.spiering-technik.de\/wp-content\/uploads\/2019\/01\/001m-1024x768.jpg\"><img loading=\"lazy\" decoding=\"async\" width=\"1024\" height=\"768\" src=\"https:\/\/www.spiering-technik.de\/wp-content\/uploads\/2019\/01\/001m-1024x768.jpg\" alt=\"\" data-id=\"221\" data-link=\"https:\/\/www.spiering-technik.de\/mechanisierungstechnik\/001m\" class=\"wp-image-221\" srcset=\"https:\/\/www.spiering-technik.de\/wp-content\/uploads\/2019\/01\/001m-1024x768.jpg 1024w, https:\/\/www.spiering-technik.de\/wp-content\/uploads\/2019\/01\/001m-300x225.jpg 300w, https:\/\/www.spiering-technik.de\/wp-content\/uploads\/2019\/01\/001m-768x576.jpg 768w, https:\/\/www.spiering-technik.de\/wp-content\/uploads\/2019\/01\/001m-600x450.jpg 600w, https:\/\/www.spiering-technik.de\/wp-content\/uploads\/2019\/01\/001m.jpg 1067w\" sizes=\"auto, (max-width: 1024px) 100vw, 1024px\" \/><\/a><\/figure><\/li><li class=\"blocks-gallery-item\"><figure><a href=\"https:\/\/www.spiering-technik.de\/wp-content\/uploads\/2019\/01\/002m-1024x768.jpg\"><img loading=\"lazy\" decoding=\"async\" width=\"1024\" height=\"768\" src=\"https:\/\/www.spiering-technik.de\/wp-content\/uploads\/2019\/01\/002m-1024x768.jpg\" alt=\"\" data-id=\"222\" data-link=\"https:\/\/www.spiering-technik.de\/mechanisierungstechnik\/002m\" class=\"wp-image-222\" srcset=\"https:\/\/www.spiering-technik.de\/wp-content\/uploads\/2019\/01\/002m-1024x768.jpg 1024w, https:\/\/www.spiering-technik.de\/wp-content\/uploads\/2019\/01\/002m-300x225.jpg 300w, https:\/\/www.spiering-technik.de\/wp-content\/uploads\/2019\/01\/002m-768x576.jpg 768w, https:\/\/www.spiering-technik.de\/wp-content\/uploads\/2019\/01\/002m-600x450.jpg 600w, https:\/\/www.spiering-technik.de\/wp-content\/uploads\/2019\/01\/002m.jpg 1067w\" sizes=\"auto, (max-width: 1024px) 100vw, 1024px\" \/><\/a><\/figure><\/li><li class=\"blocks-gallery-item\"><figure><a href=\"https:\/\/www.spiering-technik.de\/wp-content\/uploads\/2019\/01\/003m.jpg\"><img loading=\"lazy\" decoding=\"async\" width=\"800\" height=\"600\" src=\"https:\/\/www.spiering-technik.de\/wp-content\/uploads\/2019\/01\/003m.jpg\" alt=\"\" data-id=\"223\" data-link=\"https:\/\/www.spiering-technik.de\/mechanisierungstechnik\/003m\" class=\"wp-image-223\" srcset=\"https:\/\/www.spiering-technik.de\/wp-content\/uploads\/2019\/01\/003m.jpg 800w, https:\/\/www.spiering-technik.de\/wp-content\/uploads\/2019\/01\/003m-300x225.jpg 300w, https:\/\/www.spiering-technik.de\/wp-content\/uploads\/2019\/01\/003m-768x576.jpg 768w, https:\/\/www.spiering-technik.de\/wp-content\/uploads\/2019\/01\/003m-600x450.jpg 600w\" sizes=\"auto, (max-width: 800px) 100vw, 800px\" \/><\/a><\/figure><\/li><li class=\"blocks-gallery-item\"><figure><a href=\"https:\/\/www.spiering-technik.de\/wp-content\/uploads\/2019\/01\/004m-1024x768.jpg\"><img loading=\"lazy\" decoding=\"async\" width=\"1024\" height=\"768\" src=\"https:\/\/www.spiering-technik.de\/wp-content\/uploads\/2019\/01\/004m-1024x768.jpg\" alt=\"\" data-id=\"224\" data-link=\"https:\/\/www.spiering-technik.de\/mechanisierungstechnik\/004m\" class=\"wp-image-224\" srcset=\"https:\/\/www.spiering-technik.de\/wp-content\/uploads\/2019\/01\/004m-1024x768.jpg 1024w, https:\/\/www.spiering-technik.de\/wp-content\/uploads\/2019\/01\/004m-300x225.jpg 300w, https:\/\/www.spiering-technik.de\/wp-content\/uploads\/2019\/01\/004m-768x576.jpg 768w, https:\/\/www.spiering-technik.de\/wp-content\/uploads\/2019\/01\/004m-600x450.jpg 600w, https:\/\/www.spiering-technik.de\/wp-content\/uploads\/2019\/01\/004m.jpg 1067w\" sizes=\"auto, (max-width: 1024px) 100vw, 1024px\" \/><\/a><\/figure><\/li><li class=\"blocks-gallery-item\"><figure><a href=\"https:\/\/www.spiering-technik.de\/wp-content\/uploads\/2019\/01\/005m-1024x768.jpg\"><img loading=\"lazy\" decoding=\"async\" width=\"1024\" height=\"768\" src=\"https:\/\/www.spiering-technik.de\/wp-content\/uploads\/2019\/01\/005m-1024x768.jpg\" alt=\"\" data-id=\"225\" data-link=\"https:\/\/www.spiering-technik.de\/mechanisierungstechnik\/005m\" class=\"wp-image-225\" srcset=\"https:\/\/www.spiering-technik.de\/wp-content\/uploads\/2019\/01\/005m-1024x768.jpg 1024w, https:\/\/www.spiering-technik.de\/wp-content\/uploads\/2019\/01\/005m-300x225.jpg 300w, https:\/\/www.spiering-technik.de\/wp-content\/uploads\/2019\/01\/005m-768x576.jpg 768w, https:\/\/www.spiering-technik.de\/wp-content\/uploads\/2019\/01\/005m-600x450.jpg 600w, https:\/\/www.spiering-technik.de\/wp-content\/uploads\/2019\/01\/005m.jpg 1067w\" sizes=\"auto, (max-width: 1024px) 100vw, 1024px\" \/><\/a><\/figure><\/li><li class=\"blocks-gallery-item\"><figure><a href=\"https:\/\/www.spiering-technik.de\/wp-content\/uploads\/2019\/01\/006m.jpg\"><img loading=\"lazy\" decoding=\"async\" width=\"800\" height=\"600\" src=\"https:\/\/www.spiering-technik.de\/wp-content\/uploads\/2019\/01\/006m.jpg\" alt=\"\" data-id=\"226\" data-link=\"https:\/\/www.spiering-technik.de\/mechanisierungstechnik\/006m\" class=\"wp-image-226\" srcset=\"https:\/\/www.spiering-technik.de\/wp-content\/uploads\/2019\/01\/006m.jpg 800w, https:\/\/www.spiering-technik.de\/wp-content\/uploads\/2019\/01\/006m-300x225.jpg 300w, https:\/\/www.spiering-technik.de\/wp-content\/uploads\/2019\/01\/006m-768x576.jpg 768w, https:\/\/www.spiering-technik.de\/wp-content\/uploads\/2019\/01\/006m-600x450.jpg 600w\" sizes=\"auto, (max-width: 800px) 100vw, 800px\" \/><\/a><\/figure><\/li><li class=\"blocks-gallery-item\"><figure><a href=\"https:\/\/www.spiering-technik.de\/wp-content\/uploads\/2019\/01\/007m.jpg\"><img loading=\"lazy\" decoding=\"async\" width=\"600\" height=\"800\" src=\"https:\/\/www.spiering-technik.de\/wp-content\/uploads\/2019\/01\/007m.jpg\" alt=\"\" data-id=\"227\" data-link=\"https:\/\/www.spiering-technik.de\/mechanisierungstechnik\/007m\" class=\"wp-image-227\" srcset=\"https:\/\/www.spiering-technik.de\/wp-content\/uploads\/2019\/01\/007m.jpg 600w, https:\/\/www.spiering-technik.de\/wp-content\/uploads\/2019\/01\/007m-225x300.jpg 225w\" sizes=\"auto, (max-width: 600px) 100vw, 600px\" \/><\/a><\/figure><\/li><li class=\"blocks-gallery-item\"><figure><a href=\"https:\/\/www.spiering-technik.de\/wp-content\/uploads\/2019\/01\/IMG_1605-1024x768.jpg\"><img loading=\"lazy\" decoding=\"async\" width=\"1024\" height=\"768\" src=\"https:\/\/www.spiering-technik.de\/wp-content\/uploads\/2019\/01\/IMG_1605-1024x768.jpg\" alt=\"\" data-id=\"228\" data-link=\"https:\/\/www.spiering-technik.de\/mechanisierungstechnik\/img_1605\" class=\"wp-image-228\" srcset=\"https:\/\/www.spiering-technik.de\/wp-content\/uploads\/2019\/01\/IMG_1605.jpg 1024w, https:\/\/www.spiering-technik.de\/wp-content\/uploads\/2019\/01\/IMG_1605-300x225.jpg 300w, https:\/\/www.spiering-technik.de\/wp-content\/uploads\/2019\/01\/IMG_1605-768x576.jpg 768w, https:\/\/www.spiering-technik.de\/wp-content\/uploads\/2019\/01\/IMG_1605-600x450.jpg 600w\" sizes=\"auto, (max-width: 1024px) 100vw, 1024px\" \/><\/a><\/figure><\/li><li class=\"blocks-gallery-item\"><figure><a href=\"https:\/\/www.spiering-technik.de\/wp-content\/uploads\/2019\/01\/SAM_0239-1024x768.jpg\"><img loading=\"lazy\" decoding=\"async\" width=\"1024\" height=\"768\" src=\"https:\/\/www.spiering-technik.de\/wp-content\/uploads\/2019\/01\/SAM_0239-1024x768.jpg\" alt=\"\" data-id=\"229\" data-link=\"https:\/\/www.spiering-technik.de\/mechanisierungstechnik\/sam_0239\" class=\"wp-image-229\" srcset=\"https:\/\/www.spiering-technik.de\/wp-content\/uploads\/2019\/01\/SAM_0239.jpg 1024w, https:\/\/www.spiering-technik.de\/wp-content\/uploads\/2019\/01\/SAM_0239-300x225.jpg 300w, https:\/\/www.spiering-technik.de\/wp-content\/uploads\/2019\/01\/SAM_0239-768x576.jpg 768w, https:\/\/www.spiering-technik.de\/wp-content\/uploads\/2019\/01\/SAM_0239-600x450.jpg 600w\" sizes=\"auto, (max-width: 1024px) 100vw, 1024px\" \/><\/a><\/figure><\/li><\/ul>","protected":false},"excerpt":{"rendered":"<p>roller conveyor, belt conveyor, chain cross conveyor, stacking unit, turning devices, board separator, length sorter, brushing machine<\/p>","protected":false},"author":1,"featured_media":0,"parent":0,"menu_order":18,"comment_status":"closed","ping_status":"closed","template":"","meta":{"footnotes":""},"class_list":["post-218","page","type-page","status-publish","hentry"],"rttpg_featured_image_url":null,"rttpg_author":{"display_name":"breitkopf","author_link":"https:\/\/www.spiering-technik.de\/en\/author\/breitkopf"},"rttpg_comment":0,"rttpg_category":null,"rttpg_excerpt":"Rollenbahn, Bandf\u00f6rderer, Kettenquerf\u00f6rderer, Stapelanlage, Drehvorrichtungen, Brett-Vereinzeler, L\u00e4ngensortierer , B\u00fcrstmaschine","_links":{"self":[{"href":"https:\/\/www.spiering-technik.de\/en\/wp-json\/wp\/v2\/pages\/218","targetHints":{"allow":["GET"]}}],"collection":[{"href":"https:\/\/www.spiering-technik.de\/en\/wp-json\/wp\/v2\/pages"}],"about":[{"href":"https:\/\/www.spiering-technik.de\/en\/wp-json\/wp\/v2\/types\/page"}],"author":[{"embeddable":true,"href":"https:\/\/www.spiering-technik.de\/en\/wp-json\/wp\/v2\/users\/1"}],"replies":[{"embeddable":true,"href":"https:\/\/www.spiering-technik.de\/en\/wp-json\/wp\/v2\/comments?post=218"}],"version-history":[{"count":0,"href":"https:\/\/www.spiering-technik.de\/en\/wp-json\/wp\/v2\/pages\/218\/revisions"}],"wp:attachment":[{"href":"https:\/\/www.spiering-technik.de\/en\/wp-json\/wp\/v2\/media?parent=218"}],"curies":[{"name":"wp","href":"https:\/\/api.w.org\/{rel}","templated":true}]}}