{"id":697,"date":"2019-02-02T16:30:13","date_gmt":"2019-02-02T16:30:13","guid":{"rendered":"https:\/\/www.spiering-technik.de\/?page_id=697"},"modified":"2019-02-02T17:12:35","modified_gmt":"2019-02-02T17:12:35","slug":"aktuelle-lagerliste","status":"publish","type":"page","link":"https:\/\/www.spiering-technik.de\/en\/aktuelle-lagerliste","title":{"rendered":"Current Stock List"},"content":{"rendered":"<style type='text\/css' media='all'>#rt-tpg-container-4134942305 .rt-holder .rt-woo-info .price{color:#ec1a21;}body .rt-tpg-container .rt-tpg-isotope-buttons .selected,\n\t\t\t\t\t#rt-tpg-container-4134942305 .layout12 .rt-holder:hover .rt-detail,\n\t\t\t\t\t#rt-tpg-container-4134942305 .isotope8 .rt-holder:hover .rt-detail,\n\t\t\t\t\t#rt-tpg-container-4134942305 .carousel8 .rt-holder:hover .rt-detail,\n\t\t\t\t\t#rt-tpg-container-4134942305 .layout13 .rt-holder .overlay .post-info,\n\t\t\t\t\t#rt-tpg-container-4134942305 .isotope9 .rt-holder .overlay .post-info,\n\t\t\t\t\t#rt-tpg-container-4134942305.rt-tpg-container .layout4 .rt-holder .rt-detail,\n\t\t\t\t\t.rt-modal-4134942305 .md-content,\n\t\t\t\t\t.rt-modal-4134942305 .md-content > .rt-md-content-holder .rt-md-content,\n\t\t\t\t\t.rt-popup-wrap-4134942305.rt-popup-wrap .rt-popup-navigation-wrap,\n\t\t\t\t\t#rt-tpg-container-4134942305 .carousel9 .rt-holder .overlay .post-info{background-color:#ec1a21;}#rt-tpg-container-4134942305 .layout5 .rt-holder .overlay, #rt-tpg-container-4134942305 .isotope2 .rt-holder .overlay, #rt-tpg-container-4134942305 .carousel2 .rt-holder .overlay,#rt-tpg-container-4134942305 .layout15 .rt-holder h3, #rt-tpg-container-4134942305 .isotope11 .rt-holder h3, #rt-tpg-container-4134942305 .carousel11 .rt-holder h3, #rt-tpg-container-4134942305 .layout16 .rt-holder h3,\n\t\t\t\t\t#rt-tpg-container-4134942305 .isotope12 .rt-holder h3, #rt-tpg-container-4134942305 .carousel12 .rt-holder h3 {background-color:rgba(236,26,33,0.8);}#rt-tpg-container-4134942305 .pagination-list li a,\n\t\t\t\t\trt-tpg-container-4134942305 .pagination-list li span,\n\t\t\t\t\trt-tpg-container-4134942305 .pagination li a,\n\t\t\t\t\t#rt-tpg-container-4134942305 .rt-tpg-isotope-buttons button,\n\t\t\t\t\t#rt-tpg-container-4134942305 .rt-tpg-utility .rt-tpg-load-more button,\n\t\t\t\t\t#rt-tpg-container-4134942305.rt-tpg-container .swiper-navigation .slider-btn,\n\t\t\t\t\t#rt-tpg-container-4134942305.rt-tpg-container .swiper-pagination-bullet,\n\t\t\t\t\t#rt-tpg-container-4134942305 .wc1 .rt-holder .rt-img-holder .overlay .product-more ul li a,\n\t\t\t\t\t#rt-tpg-container-4134942305 .wc2 .rt-detail .rt-wc-add-to-cart,\n\t\t\t\t\t#rt-tpg-container-4134942305 .wc3 .rt-detail .rt-wc-add-to-cart,\n\t\t\t\t\t#rt-tpg-container-4134942305 .wc4 .rt-detail .rt-wc-add-to-cart,\n\t\t\t\t\t#rt-tpg-container-4134942305 .wc-carousel2 .rt-detail .rt-wc-add-to-cart,\n\t\t\t\t\t#rt-tpg-container-4134942305 .wc-isotope2 .rt-detail .rt-wc-add-to-cart,\n\t\t\t\t\t#rt-tpg-container-4134942305 .rt-layout-filter-container .rt-filter-wrap .rt-filter-item-wrap.rt-filter-dropdown-wrap .rt-filter-dropdown,\n\t\t\t\t\t#rt-tpg-container-4134942305 .rt-layout-filter-container .rt-filter-sub-tax.sub-button-group .rt-filter-button-item,\n\t\t\t\t\t#rt-tpg-container-4134942305.rt-tpg-container .rt-pagination-wrap .rt-page-numbers .paginationjs .paginationjs-pages ul li>a,\n\t\t\t\t\t#rt-tpg-container-4134942305 .rt-filter-item-wrap.rt-filter-button-wrap span.rt-filter-button-item,\n\t\t\t\t\t#rt-tpg-container-4134942305.rt-tpg-container .rt-pagination-wrap  .rt-loadmore-btn,\n\t\t\t\t\t#rt-tpg-container-4134942305.rt-tpg-container .rt-pagination-wrap .rt-cb-page-prev-next > *,\n\t\t\t\t\t#rt-tpg-container-4134942305 .rt-read-more,\n\t\t\t\t\t#rt-tooltip-4134942305, #rt-tooltip-4134942305 .rt-tooltip-bottom:after{background-color:#ec1a21;}#rt-tpg-container-4134942305 .rt-filter-item-wrap.rt-filter-button-wrap span.rt-filter-button-item,\n\t\t\t\t\t#rt-tpg-container-4134942305 .rt-layout-filter-container .rt-filter-sub-tax.sub-button-group .rt-filter-button-item{border-color:#ec1a21;}#rt-tpg-container-4134942305.rt-tpg-container .layout17 .rt-holder .overlay a.tpg-zoom .fa{color:#ec1a21;}#rt-tpg-container-4134942305 .rt-holder .read-more a {background-color:#ec1a21;padding: 8px 15px;}#rt-tpg-container-4134942305 .pagination li.active span,\n\t\t\t\t\t#rt-tpg-container-4134942305 .pagination-list li.active span,\n\t\t\t\t\t#rt-tpg-container-4134942305 .rt-tpg-isotope-buttons button.selected,\n\t\t\t\t\t#rt-tpg-container-4134942305 .rt-filter-item-wrap.rt-filter-button-wrap span.rt-filter-button-item.selected,\n\t\t\t\t\t#rt-tpg-container-4134942305 .rt-layout-filter-container .rt-filter-sub-tax.sub-button-group .rt-filter-button-item.selected,\n\t\t\t\t\t#rt-tpg-container-4134942305.rt-tpg-container .rt-pagination-wrap .rt-page-numbers .paginationjs .paginationjs-pages ul li.active>a,\n\t\t\t\t\t#rt-tpg-container-4134942305.rt-tpg-container .swiper-pagination-bullet.swiper-pagination-bullet-active-main{background-color:#00b727;}#rt-tpg-container-4134942305 .rt-filter-item-wrap.rt-filter-button-wrap span.rt-filter-button-item.selected,\n\t\t\t\t\t#rt-tpg-container-4134942305 .rt-layout-filter-container .rt-filter-sub-tax.sub-button-group .rt-filter-button-item.selected,\n\t\t\t\t\t#rt-tpg-container-4134942305.rt-tpg-container .rt-pagination-wrap .rt-page-numbers .paginationjs .paginationjs-pages ul li.active>a{border-color:#00b727;}#rt-tpg-container-4134942305 .pagination-list li a:hover,\n\t\t\t\t\t#rt-tpg-container-4134942305 .pagination li a:hover,\n\t\t\t\t\t#rt-tpg-container-4134942305 .rt-tpg-isotope-buttons button:hover,\n\t\t\t\t\t#rt-tpg-container-4134942305 .rt-holder .read-more a:hover,\n\t\t\t\t\t#rt-tpg-container-4134942305 .rt-tpg-utility .rt-tpg-load-more button:hover,\n\t\t\t\t\t#rt-tpg-container-4134942305.rt-tpg-container .swiper-pagination-bullet:hover,\n\t\t\t\t\t#rt-tpg-container-4134942305.rt-tpg-container .swiper-navigation .slider-btn:hover,\n\t\t\t\t\t#rt-tpg-container-4134942305 .wc1 .rt-holder .rt-img-holder .overlay .product-more ul li a:hover,\n\t\t\t\t\t#rt-tpg-container-4134942305 .wc2 .rt-detail .rt-wc-add-to-cart:hover,\n\t\t\t\t\t#rt-tpg-container-4134942305 .wc3 .rt-detail .rt-wc-add-to-cart:hover,\n\t\t\t\t\t#rt-tpg-container-4134942305 .wc4 .rt-detail .rt-wc-add-to-cart:hover,\n\t\t\t\t\t#rt-tpg-container-4134942305 .wc-carousel2 .rt-detail .rt-wc-add-to-cart:hover,\n\t\t\t\t\t#rt-tpg-container-4134942305 .wc-isotope2 .rt-detail .rt-wc-add-to-cart:hover,\n\t\t\t\t\t#rt-tpg-container-4134942305 .rt-layout-filter-container .rt-filter-wrap .rt-filter-item-wrap.rt-filter-dropdown-wrap .rt-filter-dropdown .rt-filter-dropdown-item:hover,\n\t\t\t\t\t#rt-tpg-container-4134942305 .rt-layout-filter-container .rt-filter-wrap .rt-filter-item-wrap.rt-filter-dropdown-wrap .rt-filter-dropdown .rt-filter-dropdown-item.selected,\n\t\t\t\t\t#rt-tpg-container-4134942305 .rt-filter-item-wrap.rt-filter-button-wrap span.rt-filter-button-item:hover,\n\t\t\t\t\t#rt-tpg-container-4134942305 .rt-layout-filter-container .rt-filter-sub-tax.sub-button-group .rt-filter-button-item:hover,\n\t\t\t\t\t#rt-tpg-container-4134942305.rt-tpg-container .rt-pagination-wrap .rt-page-numbers .paginationjs .paginationjs-pages ul li>a:hover,\n\t\t\t\t\t#rt-tpg-container-4134942305.rt-tpg-container .rt-pagination-wrap .rt-cb-page-prev-next > *:hover,\n\t\t\t\t\t#rt-tpg-container-4134942305.rt-tpg-container .rt-pagination-wrap  .rt-loadmore-btn:hover,\n\t\t\t\t\t#rt-tpg-container-4134942305 .rt-read-more:hover,\n\t\t\t\t\t#rt-tpg-container-4134942305 .rt-tpg-utility .rt-tpg-load-more button:hover{background-color:#ff5656;}#rt-tpg-container-4134942305 .rt-filter-item-wrap.rt-filter-button-wrap span.rt-filter-button-item:hover,\n\t\t\t\t\t\t#rt-tpg-container-4134942305 .rt-layout-filter-container .rt-filter-sub-tax.sub-button-group .rt-filter-button-item:hover,\n\t\t\t\t\t\t#rt-tpg-container-4134942305.rt-tpg-container .swiper-navigation .slider-btn:hover,\n\t\t\t\t\t\t#rt-tpg-container-4134942305.rt-tpg-container .rt-pagination-wrap .rt-page-numbers .paginationjs .paginationjs-pages ul li>a:hover{border-color:#ff5656;}#rt-tpg-container-4134942305.rt-tpg-container .layout17 .rt-holder .overlay a.tpg-zoom:hover .fa{color:#ff5656;}#rt-tpg-container-4134942305 .pagination-list li a,\n\t\t\t\t\t#rt-tpg-container-4134942305 .pagination li a,\n\t\t\t\t\t#rt-tpg-container-4134942305 .rt-tpg-isotope-buttons button,\n\t\t\t\t\t#rt-tpg-container-4134942305 .rt-holder .read-more a,\n\t\t\t\t\t#rt-tpg-container-4134942305 .rt-tpg-utility .rt-tpg-load-more button,\n\t\t\t\t\t#rt-tpg-container-4134942305.rt-tpg-container .swiper-navigation .slider-btn,\n\t\t\t\t\t#rt-tpg-container-4134942305 .wc1 .rt-holder .rt-img-holder .overlay .product-more ul li a,\n\t\t\t\t\t#rt-tpg-container-4134942305 .edd1 .rt-holder .rt-img-holder .overlay .product-more ul li a,\n\t\t\t\t\t#rt-tpg-container-4134942305 .wc2 .rt-detail .rt-wc-add-to-cart,\n\t\t\t\t\t#rt-tpg-container-4134942305 .wc3 .rt-detail .rt-wc-add-to-cart,\n\t\t\t\t\t#rt-tpg-container-4134942305 .edd2 .rt-detail .rt-wc-add-to-cart,\n\t\t\t\t\t#rt-tpg-container-4134942305 .wc4 .rt-detail .rt-wc-add-to-cart,\n\t\t\t\t\t#rt-tpg-container-4134942305 .edd3 .rt-detail .rt-wc-add-to-cart,\n\t\t\t\t\t#rt-tpg-container-4134942305 .wc-carousel2 .rt-detail .rt-wc-add-to-cart,\n\t\t\t\t\t#rt-tpg-container-4134942305 .wc-isotope2 .rt-detail .rt-wc-add-to-cart,\n\t\t\t\t\t#rt-tpg-container-4134942305 .rt-tpg-utility .rt-tpg-load-more button,\n\t\t\t\t\t#rt-tooltip-4134942305,\n\t\t\t\t\t#rt-tpg-container-4134942305 .rt-filter-item-wrap.rt-filter-button-wrap span.rt-filter-button-item,\n\t\t\t\t\t#rt-tpg-container-4134942305 .rt-layout-filter-container .rt-filter-sub-tax.sub-button-group .rt-filter-button-item,\n\t\t\t\t\t#rt-tpg-container-4134942305 .rt-layout-filter-container .rt-filter-wrap .rt-filter-item-wrap.rt-sort-order-action,\n\t\t\t\t\t#rt-tpg-container-4134942305 .rt-layout-filter-container .rt-filter-wrap .rt-filter-item-wrap.rt-filter-dropdown-wrap .rt-filter-dropdown .rt-filter-dropdown-item,\n\t\t\t\t\t#rt-tpg-container-4134942305.rt-tpg-container .rt-pagination-wrap .rt-page-numbers .paginationjs .paginationjs-pages ul li>a,\n\t\t\t\t\t#rt-tpg-container-4134942305.rt-tpg-container .rt-pagination-wrap .rt-cb-page-prev-next > *,\n\t\t\t\t\t#rt-tpg-container-4134942305.rt-tpg-container .rt-pagination-wrap  .rt-loadmore-btn,\n\t\t\t\t\t#rt-tpg-container-4134942305 .rt-read-more,\n\t\t\t\t\t#rt-tooltip-4134942305 .rt-tooltip-bottom:after{color:#ffffff;}#rt-tpg-container-4134942305 .read-more a{border-radius:px;}#rt-tpg-container-4134942305 .rt-img-holder img.rt-img-responsive,#rt-tpg-container-4134942305 .rt-img-holder,\n\t\t\t\t\t#rt-tpg-container-4134942305 .rt-post-overlay .post-img,\n\t\t\t\t\t#rt-tpg-container-4134942305 .post-sm .post-img,\n\t\t\t\t\t#rt-tpg-container-4134942305 .rt-post-grid .post-img,\n\t\t\t\t\t#rt-tpg-container-4134942305 .post-img img {border-radius:px;}<\/style><div class='rt-container-fluid rt-tpg-container tpg-shortcode-main-wrapper' id='rt-tpg-container-4134942305'   data-layout='layout2' data-grid-style='even' data-desktop-col='1'  data-tab-col='2'  data-mobile-col='1' data-sc-id='704'><div data-title='Loading ...' class='rt-row rt-content-loader   layout2 tpg-even'><div class=\"rt-col-md-12 rt-col-sm-6 rt-col-xs-12 even-grid-item rt-grid-item\" data-id=\"960\"><div class=\"rt-holder\"><div class=\"rt-row\"><div class='rt-col-xs-12'><div class='rt-detail'><h4 class=\"entry-title\"><a data-id=\"960\" class=\"\" href=\"https:\/\/www.spiering-technik.de\/en\/stihl-usg\">STIHL USG<\/a><\/h4><div class='post-meta-user'><span class='categories-links'><i class='fas fa-folder-open'><\/i><a class=\"aktuelle-lagerliste\" href=\"https:\/\/www.spiering-technik.de\/en\/category\/aktuelle-lagerliste\" rel=\"tag\">Current Stock List<\/a><span class=\"rt-separator\">,<\/span><a class=\"schaerfmaschinen\" href=\"https:\/\/www.spiering-technik.de\/en\/category\/aktuelle-lagerliste\/schaerfmaschinen\" rel=\"tag\">Sharpening Machines<\/a><\/span><\/div><div class='tpg-excerpt'>Kettens\u00e4gensch\u00e4rfmaschine...<\/div><\/div><\/div><\/div><\/div><\/div><div class=\"rt-col-md-12 rt-col-sm-6 rt-col-xs-12 even-grid-item rt-grid-item\" data-id=\"1032\"><div class=\"rt-holder\"><div class=\"rt-row\"><div class='rt-col-sm-2 rt-col-xs-12'><div class=\"rt-img-holder\"><a data-id='1032' class='' href='https:\/\/www.spiering-technik.de\/en\/esterer-ss-56-hhe'><img loading=\"lazy\" decoding=\"async\" width=\"150\" height=\"150\" src=\"https:\/\/www.spiering-technik.de\/wp-content\/uploads\/2019\/02\/1389251614_DSCN0766_1-150x150.jpg\" class=\"rt-img-responsive\" alt=\"\" \/><\/a><\/div><\/div><div class='rt-col-sm-10 rt-col-xs-12'><div class='rt-detail'><h4 class=\"entry-title\"><a data-id=\"1032\" class=\"\" href=\"https:\/\/www.spiering-technik.de\/en\/esterer-ss-56-hhe\">ESTERER SS 56 \/ HhE<\/a><\/h4><div class='post-meta-user'><span class='categories-links'><i class='fas fa-folder-open'><\/i><a class=\"aktuelle-lagerliste\" href=\"https:\/\/www.spiering-technik.de\/en\/category\/aktuelle-lagerliste\" rel=\"tag\">Current Stock List<\/a><span class=\"rt-separator\">,<\/span><a class=\"vollgatter\" href=\"https:\/\/www.spiering-technik.de\/en\/category\/aktuelle-lagerliste\/vollgatter\" rel=\"tag\">Gang Saws<\/a><\/span><\/div><div class='tpg-excerpt'>Vollgatter mit 550 mm Rahmenweite, Durchlassh\u00f6he 550 mm, Hub 500 mm, hydraulische Walzenhebung, elektrischer Vorschubantrieb, stufenlos regelbar, Sp\u00e4ne-Sch\u00fcttelrutsche...<\/div><\/div><\/div><\/div><\/div><\/div><div class=\"rt-col-md-12 rt-col-sm-6 rt-col-xs-12 even-grid-item rt-grid-item\" data-id=\"1040\"><div class=\"rt-holder\"><div class=\"rt-row\"><div class='rt-col-xs-12'><div class='rt-detail'><h4 class=\"entry-title\"><a data-id=\"1040\" class=\"\" href=\"https:\/\/www.spiering-technik.de\/en\/linck-e-28-28\">LINCK E 28\/ 28<\/a><\/h4><div class='post-meta-user'><span class='categories-links'><i class='fas fa-folder-open'><\/i><a class=\"aktuelle-lagerliste\" href=\"https:\/\/www.spiering-technik.de\/en\/category\/aktuelle-lagerliste\" rel=\"tag\">Current Stock List<\/a><span class=\"rt-separator\">,<\/span><a class=\"vollgatter\" href=\"https:\/\/www.spiering-technik.de\/en\/category\/aktuelle-lagerliste\/vollgatter\" rel=\"tag\">Gang Saws<\/a><\/span><\/div><div class='tpg-excerpt'>Vollgatter mit 710 mm Rahmenweite, Durchlassh\u00f6he 710 mm, Hub 600 mm, hydraulische Walzenhebung, hydraulischer Vorschubantrieb, stufenlos regelbar...<\/div><\/div><\/div><\/div><\/div><\/div><div class=\"rt-col-md-12 rt-col-sm-6 rt-col-xs-12 even-grid-item rt-grid-item\" data-id=\"1044\"><div class=\"rt-holder\"><div class=\"rt-row\"><div class='rt-col-sm-2 rt-col-xs-12'><div class=\"rt-img-holder\"><a data-id='1044' class='' href='https:\/\/www.spiering-technik.de\/en\/schulte-gg-10'><img loading=\"lazy\" decoding=\"async\" width=\"150\" height=\"150\" src=\"https:\/\/www.spiering-technik.de\/wp-content\/uploads\/2019\/02\/1390493579_103-0375_IMG-150x150.jpg\" class=\"rt-img-responsive\" alt=\"\" \/><\/a><\/div><\/div><div class='rt-col-sm-10 rt-col-xs-12'><div class='rt-detail'><h4 class=\"entry-title\"><a data-id=\"1044\" class=\"\" href=\"https:\/\/www.spiering-technik.de\/en\/schulte-gg-10\">SCHULTE GG 10<\/a><\/h4><div class='post-meta-user'><span class='categories-links'><i class='fas fa-folder-open'><\/i><a class=\"aktuelle-lagerliste\" href=\"https:\/\/www.spiering-technik.de\/en\/category\/aktuelle-lagerliste\" rel=\"tag\">Current Stock List<\/a><span class=\"rt-separator\">,<\/span><a class=\"horizontalgatter\" href=\"https:\/\/www.spiering-technik.de\/en\/category\/aktuelle-lagerliste\/horizontalgatter\" rel=\"tag\">Horizontal Gang Saws<\/a><\/span><\/div><div class='tpg-excerpt'>Horizontalgatter max. Rundholz-\u00d8 1000 mm, Hub 800 mm...<\/div><\/div><\/div><\/div><\/div><\/div><div class=\"rt-col-md-12 rt-col-sm-6 rt-col-xs-12 even-grid-item rt-grid-item\" data-id=\"1030\"><div class=\"rt-holder\"><div class=\"rt-row\"><div class='rt-col-sm-2 rt-col-xs-12'><div class=\"rt-img-holder\"><a data-id='1030' class='' href='https:\/\/www.spiering-technik.de\/en\/esterer-s-71-hhe'><img loading=\"lazy\" decoding=\"async\" width=\"150\" height=\"150\" src=\"https:\/\/www.spiering-technik.de\/wp-content\/uploads\/2019\/02\/DSCN1422-Helmke-e1563955880744-150x150.jpg\" class=\"rt-img-responsive\" alt=\"\" \/><\/a><\/div><\/div><div class='rt-col-sm-10 rt-col-xs-12'><div class='rt-detail'><h4 class=\"entry-title\"><a data-id=\"1030\" class=\"\" href=\"https:\/\/www.spiering-technik.de\/en\/esterer-s-71-hhe\">ESTERER S 71 \/ HhE<\/a><\/h4><div class='post-meta-user'><span class='categories-links'><i class='fas fa-folder-open'><\/i><a class=\"aktuelle-lagerliste\" href=\"https:\/\/www.spiering-technik.de\/en\/category\/aktuelle-lagerliste\" rel=\"tag\">Current Stock List<\/a><span class=\"rt-separator\">,<\/span><a class=\"vollgatter\" href=\"https:\/\/www.spiering-technik.de\/en\/category\/aktuelle-lagerliste\/vollgatter\" rel=\"tag\">Gang Saws<\/a><\/span><\/div><div class='tpg-excerpt'>Vollgatter mit 700 mm Rahmenweite, Durchlassh\u00f6he 700 mm, Hub 500 mm, hydraulische Walzenhebung, hydraulischer Vorschubantrieb, stufenlos regelbar, Hydraulik-Spannwagen + elektrischer Vorderwagen, Spaltkeilf\u00fchrung, Rollengang mit Antrieb...<\/div><\/div><\/div><\/div><\/div><\/div><\/div><\/div>\n\n\n\n<p><\/p>","protected":false},"excerpt":{"rendered":"","protected":false},"author":1,"featured_media":0,"parent":0,"menu_order":4,"comment_status":"closed","ping_status":"closed","template":"templates\/page-sidebar-right.php","meta":{"footnotes":""},"class_list":["post-697","page","type-page","status-publish","hentry"],"rttpg_featured_image_url":null,"rttpg_author":{"display_name":"breitkopf","author_link":"https:\/\/www.spiering-technik.de\/en\/author\/breitkopf"},"rttpg_comment":0,"rttpg_category":"","rttpg_excerpt":null,"_links":{"self":[{"href":"https:\/\/www.spiering-technik.de\/en\/wp-json\/wp\/v2\/pages\/697","targetHints":{"allow":["GET"]}}],"collection":[{"href":"https:\/\/www.spiering-technik.de\/en\/wp-json\/wp\/v2\/pages"}],"about":[{"href":"https:\/\/www.spiering-technik.de\/en\/wp-json\/wp\/v2\/types\/page"}],"author":[{"embeddable":true,"href":"https:\/\/www.spiering-technik.de\/en\/wp-json\/wp\/v2\/users\/1"}],"replies":[{"embeddable":true,"href":"https:\/\/www.spiering-technik.de\/en\/wp-json\/wp\/v2\/comments?post=697"}],"version-history":[{"count":0,"href":"https:\/\/www.spiering-technik.de\/en\/wp-json\/wp\/v2\/pages\/697\/revisions"}],"wp:attachment":[{"href":"https:\/\/www.spiering-technik.de\/en\/wp-json\/wp\/v2\/media?parent=697"}],"curies":[{"name":"wp","href":"https:\/\/api.w.org\/{rel}","templated":true}]}}